{"id":15,"date":"2024-11-12T15:44:19","date_gmt":"2024-11-12T14:44:19","guid":{"rendered":"http:\/\/naturrb.cluster029.hosting.ovh.net\/?page_id=15"},"modified":"2025-01-17T11:42:33","modified_gmt":"2025-01-17T10:42:33","slug":"immobilier","status":"publish","type":"page","link":"https:\/\/nature-i-deco.fr\/index.php\/immobilier\/","title":{"rendered":"Mes prestations"},"content":{"rendered":"\n<figure class=\"wp-block-gallery has-nested-images columns-default is-cropped wp-block-gallery-1 is-layout-flex wp-block-gallery-is-layout-flex\">\n<figure class=\"wp-block-image size-large\"><img loading=\"lazy\" decoding=\"async\" width=\"1024\" height=\"579\" data-id=\"156\" src=\"https:\/\/nature-i-deco.fr\/wp-content\/uploads\/2024\/11\/20220429_150259-cadree-1024x579.jpg\" alt=\"\" class=\"wp-image-156\" srcset=\"https:\/\/nature-i-deco.fr\/wp-content\/uploads\/2024\/11\/20220429_150259-cadree-1024x579.jpg 1024w, https:\/\/nature-i-deco.fr\/wp-content\/uploads\/2024\/11\/20220429_150259-cadree-300x170.jpg 300w, https:\/\/nature-i-deco.fr\/wp-content\/uploads\/2024\/11\/20220429_150259-cadree-768x434.jpg 768w, https:\/\/nature-i-deco.fr\/wp-content\/uploads\/2024\/11\/20220429_150259-cadree-1536x869.jpg 1536w, https:\/\/nature-i-deco.fr\/wp-content\/uploads\/2024\/11\/20220429_150259-cadree-2048x1158.jpg 2048w, https:\/\/nature-i-deco.fr\/wp-content\/uploads\/2024\/11\/20220429_150259-cadree-1170x662.jpg 1170w\" sizes=\"auto, (max-width: 1024px) 100vw, 1024px\" \/><\/figure>\n\n\n\n<figure class=\"wp-block-image size-large\"><img loading=\"lazy\" decoding=\"async\" width=\"1024\" height=\"498\" data-id=\"20\" src=\"http:\/\/nature-i-deco.fr\/wp-content\/uploads\/2024\/11\/20220429_150141-1024x498.jpg\" alt=\"\" class=\"wp-image-20\" srcset=\"https:\/\/nature-i-deco.fr\/wp-content\/uploads\/2024\/11\/20220429_150141-1024x498.jpg 1024w, https:\/\/nature-i-deco.fr\/wp-content\/uploads\/2024\/11\/20220429_150141-300x146.jpg 300w, https:\/\/nature-i-deco.fr\/wp-content\/uploads\/2024\/11\/20220429_150141-768x373.jpg 768w, https:\/\/nature-i-deco.fr\/wp-content\/uploads\/2024\/11\/20220429_150141-1536x747.jpg 1536w, https:\/\/nature-i-deco.fr\/wp-content\/uploads\/2024\/11\/20220429_150141-2048x996.jpg 2048w, https:\/\/nature-i-deco.fr\/wp-content\/uploads\/2024\/11\/20220429_150141-1170x569.jpg 1170w\" sizes=\"auto, (max-width: 1024px) 100vw, 1024px\" \/><\/figure>\n<\/figure>\n\n\n\n<blockquote class=\"wp-block-quote is-layout-flow wp-block-quote-is-layout-flow\">\n<p class=\"has-foreground-color has-text-color has-link-color has-system-font-font-family has-base-font-size wp-elements-375339eb2e63c267b593b7b33426fbe5\" style=\"line-height:1\">Voici un exemple de <strong>Coaching D\u00e9co <\/strong>\u00e0 Albi<\/p>\n\n\n\n<p class=\"has-system-font-font-family has-base-font-size\" style=\"line-height:1\">La probl\u00e9matique de ce bel appartement :<\/p>\n\n\n\n<p class=\"has-system-font-font-family has-base-font-size\" style=\"line-height:1\">\u2022 Un papier peint tr\u00e8s puissant et d\u00e9grad\u00e9 \u00e0 cause de la pause d\u2019une nouvelle climatisation<\/p>\n\n\n\n<p class=\"has-system-font-font-family has-base-font-size\" style=\"line-height:1\">\u2022 Un buffet bas 2 portes Roche Bobois cass\u00e9<\/p>\n\n\n\n<p class=\"has-system-font-font-family has-base-font-size\" style=\"line-height:1\">\u2022 Une cuisine peu lumineuse et avenante<\/p>\n<\/blockquote>\n\n\n\n<figure class=\"wp-block-gallery has-nested-images columns-default is-cropped wp-block-gallery-2 is-layout-flex wp-block-gallery-is-layout-flex\">\n<figure class=\"wp-block-image size-large\"><img loading=\"lazy\" decoding=\"async\" width=\"1024\" height=\"497\" data-id=\"18\" src=\"https:\/\/nature-i-deco.fr\/wp-content\/uploads\/2024\/11\/IMG-20220706-WA0005-1024x497.jpg\" alt=\"\" class=\"wp-image-18\" srcset=\"https:\/\/nature-i-deco.fr\/wp-content\/uploads\/2024\/11\/IMG-20220706-WA0005-1024x497.jpg 1024w, https:\/\/nature-i-deco.fr\/wp-content\/uploads\/2024\/11\/IMG-20220706-WA0005-300x146.jpg 300w, https:\/\/nature-i-deco.fr\/wp-content\/uploads\/2024\/11\/IMG-20220706-WA0005-768x373.jpg 768w, https:\/\/nature-i-deco.fr\/wp-content\/uploads\/2024\/11\/IMG-20220706-WA0005-1536x746.jpg 1536w, https:\/\/nature-i-deco.fr\/wp-content\/uploads\/2024\/11\/IMG-20220706-WA0005-1170x568.jpg 1170w, https:\/\/nature-i-deco.fr\/wp-content\/uploads\/2024\/11\/IMG-20220706-WA0005.jpg 1600w\" sizes=\"auto, (max-width: 1024px) 100vw, 1024px\" \/><\/figure>\n\n\n\n<figure class=\"wp-block-image size-large\"><img loading=\"lazy\" decoding=\"async\" width=\"1024\" height=\"497\" data-id=\"21\" src=\"https:\/\/nature-i-deco.fr\/wp-content\/uploads\/2024\/11\/IMG-20220706-WA0006-1024x497.jpg\" alt=\"\" class=\"wp-image-21\" srcset=\"https:\/\/nature-i-deco.fr\/wp-content\/uploads\/2024\/11\/IMG-20220706-WA0006-1024x497.jpg 1024w, https:\/\/nature-i-deco.fr\/wp-content\/uploads\/2024\/11\/IMG-20220706-WA0006-300x146.jpg 300w, https:\/\/nature-i-deco.fr\/wp-content\/uploads\/2024\/11\/IMG-20220706-WA0006-768x373.jpg 768w, https:\/\/nature-i-deco.fr\/wp-content\/uploads\/2024\/11\/IMG-20220706-WA0006-1536x746.jpg 1536w, https:\/\/nature-i-deco.fr\/wp-content\/uploads\/2024\/11\/IMG-20220706-WA0006-1170x568.jpg 1170w, https:\/\/nature-i-deco.fr\/wp-content\/uploads\/2024\/11\/IMG-20220706-WA0006.jpg 1600w\" sizes=\"auto, (max-width: 1024px) 100vw, 1024px\" \/><\/figure>\n<\/figure>\n\n\n\n<blockquote class=\"wp-block-quote is-layout-flow wp-block-quote-is-layout-flow\">\n<p class=\"has-foreground-color has-text-color has-link-color has-system-font-font-family has-base-font-size wp-elements-be5396b1da3d35f60a5b00ccdf7f58ce\" style=\"line-height:1\"><strong>La solution ?<\/strong><\/p>\n\n\n\n<p class=\"has-system-font-font-family has-base-font-size\" style=\"line-height:1\">\u2022 Une peinture grise sur 2 murs seulement, pour agrandir l\u2019espace et apporter du contraste <\/p>\n\n\n\n<p class=\"has-system-font-font-family has-base-font-size\" style=\"line-height:1\">\u2022 Un buffet transform\u00e9 en \u00e9tag\u00e8res basses fait apparaitre son int\u00e9rieur noir &amp; chic. Cela apporte une ligne sobre, une note de modernit\u00e9 et sert aussi de support pour une d\u00e9co qualitative<\/p>\n\n\n\n<p class=\"has-system-font-font-family has-base-font-size\" style=\"line-height:1\">\u2022 Un mur en partie supprim\u00e9 pour y mettre une cloison de type atelier et faire place \u00e0 la luminosit\u00e9 !<\/p>\n\n\n\n<p><\/p>\n\n\n\n<p class=\"has-foreground-color has-text-color has-link-color has-headings-font-family wp-elements-c54e64936f0cadced9118d513965269f\"><\/p>\n\n\n\n<p class=\"has-text-align-center has-foreground-color has-text-lighter-background-color has-text-color has-background has-link-color has-headings-font-family wp-elements-dbc21ef29df38f53938b58c44e4d5439\"><strong>Je vous propose une visite conseil de 1h30                    \u00e0 domicile au tarif de 135 \u20ac<\/strong><\/p>\n\n\n\n<p class=\"has-system-font-font-family has-base-font-size\">Ce rendez-vous a pour objectif de :<\/p>\n\n\n\n<ul class=\"wp-block-list\">\n<li class=\"has-system-font-font-family\">comprendre vos souhaits actuels et vos d\u00e9sirs d&rsquo;\u00e9volution <\/li>\n\n\n\n<li class=\"has-system-font-font-family\">lister si besoin les contraintes existantes<\/li>\n\n\n\n<li class=\"has-system-font-font-family\">Il peut aussi s&rsquo;effectuer \u00e0 distance<\/li>\n<\/ul>\n\n\n\n<p class=\"has-system-font-font-family has-base-font-size\">Manque de style ou d\u2019espace&nbsp;? Un r\u00e9am\u00e9nagement bien \u00e9tudi\u00e9, un apport de luminosit\u00e9, des touches de couleur suffisent souvent \u00e0 donner une toute autre atmosph\u00e8re \u00e0 votre pi\u00e8ce !<\/p>\n\n\n\n<p><\/p>\n\n\n\n<p><\/p>\n\n\n\n<p><\/p>\n<\/blockquote>\n","protected":false},"excerpt":{"rendered":"<p>Voici un exemple de Coaching D\u00e9co \u00e0 Albi La probl\u00e9matique de ce bel appartement : \u2022 Un papier peint tr\u00e8s puissant et d\u00e9grad\u00e9 \u00e0 cause de la pause d\u2019une nouvelle [&hellip;]<\/p>\n","protected":false},"author":1,"featured_media":0,"parent":0,"menu_order":0,"comment_status":"closed","ping_status":"closed","template":"","meta":{"footnotes":""},"class_list":["post-15","page","type-page","status-publish","hentry"],"_links":{"self":[{"href":"https:\/\/nature-i-deco.fr\/index.php\/wp-json\/wp\/v2\/pages\/15","targetHints":{"allow":["GET"]}}],"collection":[{"href":"https:\/\/nature-i-deco.fr\/index.php\/wp-json\/wp\/v2\/pages"}],"about":[{"href":"https:\/\/nature-i-deco.fr\/index.php\/wp-json\/wp\/v2\/types\/page"}],"author":[{"embeddable":true,"href":"https:\/\/nature-i-deco.fr\/index.php\/wp-json\/wp\/v2\/users\/1"}],"replies":[{"embeddable":true,"href":"https:\/\/nature-i-deco.fr\/index.php\/wp-json\/wp\/v2\/comments?post=15"}],"version-history":[{"count":17,"href":"https:\/\/nature-i-deco.fr\/index.php\/wp-json\/wp\/v2\/pages\/15\/revisions"}],"predecessor-version":[{"id":195,"href":"https:\/\/nature-i-deco.fr\/index.php\/wp-json\/wp\/v2\/pages\/15\/revisions\/195"}],"wp:attachment":[{"href":"https:\/\/nature-i-deco.fr\/index.php\/wp-json\/wp\/v2\/media?parent=15"}],"curies":[{"name":"wp","href":"https:\/\/api.w.org\/{rel}","templated":true}]}}