{"id":23,"date":"2024-11-12T15:40:13","date_gmt":"2024-11-12T14:40:13","guid":{"rendered":"http:\/\/naturrb.cluster029.hosting.ovh.net\/?page_id=23"},"modified":"2025-02-14T10:52:08","modified_gmt":"2025-02-14T09:52:08","slug":"home-staging","status":"publish","type":"page","link":"https:\/\/nature-i-deco.fr\/index.php\/home-staging\/","title":{"rendered":"Le Home Staging, comment \u00e7a marche ?"},"content":{"rendered":"\n<p>Le home staging est un ensemble de techniques pour<strong> faciliter la vente<\/strong> (ou la location) d\u2019un bien immobilier <strong>avec un minimum d\u2019investissement<\/strong>.<\/p>\n\n\n\n<p>L\u2019objectif est de <strong>valoriser l\u2019agencement de votre int\u00e9rieur<\/strong> et de conclure&nbsp;<strong>la vente plus rapidement<\/strong>&nbsp;&amp;&nbsp;<strong>au meilleur prix<\/strong>.<\/p>\n\n\n\n<div class=\"wp-block-group is-nowrap is-layout-flex wp-container-core-group-is-layout-6c531013 wp-block-group-is-layout-flex\">\n<p class=\"has-foreground-color has-text-color has-link-color has-medium-font-size wp-elements-d594f692410d9ea66cf9f56139ed61dc\">Mon accompagnement pour votre Home staging :<\/p>\n<\/div>\n\n\n\n<ul class=\"wp-block-list\">\n<li class=\"has-dark-color has-text-color has-link-color wp-elements-b2c33de96dab5c47a73eb6001580c135\"><strong>1\u00e8re Visite Diagnostic <\/strong>pour rep\u00e9rer&nbsp;ensemble les points positifs et n\u00e9gatifs de votre int\u00e9rieur.<\/li>\n\n\n\n<li class=\"has-dark-color has-text-color has-link-color wp-elements-eea966fd2957e73831fbbaca014517ee\"><strong>Puis une demi-journ\u00e9e pour la mise en valeur de votre bien avant commercialisation <\/strong>avec :\n<ul class=\"wp-block-list\">\n<li class=\"has-dark-color has-text-color has-link-color wp-elements-ddc710449e0b546cdbbbf34bea51beb2\">D\u00e9personnalisation &amp; D\u00e9sencombrement<\/li>\n\n\n\n<li class=\"has-dark-color has-text-color has-link-color wp-elements-697947e2790059558b2f9823eaa541f5\">Am\u00e9nagement<\/li>\n\n\n\n<li class=\"has-dark-color has-text-color has-link-color wp-elements-02725b37c07859cf36cb7616a1e57508\">Accessoirisation<\/li>\n<\/ul>\n<\/li>\n<\/ul>\n\n\n\n<p><\/p>\n\n\n\n<figure class=\"wp-block-image size-large\"><img loading=\"lazy\" decoding=\"async\" width=\"1024\" height=\"768\" src=\"https:\/\/nature-i-deco.fr\/wp-content\/uploads\/2024\/11\/IMG-20241009-WA0004-1-1024x768.jpg\" alt=\"\" class=\"wp-image-54\" style=\"aspect-ratio:16\/9;object-fit:cover\" srcset=\"https:\/\/nature-i-deco.fr\/wp-content\/uploads\/2024\/11\/IMG-20241009-WA0004-1-1024x768.jpg 1024w, https:\/\/nature-i-deco.fr\/wp-content\/uploads\/2024\/11\/IMG-20241009-WA0004-1-300x225.jpg 300w, https:\/\/nature-i-deco.fr\/wp-content\/uploads\/2024\/11\/IMG-20241009-WA0004-1-768x576.jpg 768w, https:\/\/nature-i-deco.fr\/wp-content\/uploads\/2024\/11\/IMG-20241009-WA0004-1-1536x1152.jpg 1536w, https:\/\/nature-i-deco.fr\/wp-content\/uploads\/2024\/11\/IMG-20241009-WA0004-1-1170x878.jpg 1170w, https:\/\/nature-i-deco.fr\/wp-content\/uploads\/2024\/11\/IMG-20241009-WA0004-1.jpg 1600w\" sizes=\"auto, (max-width: 1024px) 100vw, 1024px\" \/><figcaption class=\"wp-element-caption\"><strong>Avant<\/strong><\/figcaption><\/figure>\n\n\n\n<figure class=\"wp-block-image size-large\"><img loading=\"lazy\" decoding=\"async\" width=\"1024\" height=\"675\" src=\"https:\/\/nature-i-deco.fr\/wp-content\/uploads\/2024\/11\/received_1263917154507350-1-1024x675.png\" alt=\"\" class=\"wp-image-55\" style=\"aspect-ratio:16\/9;object-fit:cover\" srcset=\"https:\/\/nature-i-deco.fr\/wp-content\/uploads\/2024\/11\/received_1263917154507350-1-1024x675.png 1024w, https:\/\/nature-i-deco.fr\/wp-content\/uploads\/2024\/11\/received_1263917154507350-1-300x198.png 300w, https:\/\/nature-i-deco.fr\/wp-content\/uploads\/2024\/11\/received_1263917154507350-1-768x506.png 768w, https:\/\/nature-i-deco.fr\/wp-content\/uploads\/2024\/11\/received_1263917154507350-1.png 1134w\" sizes=\"auto, (max-width: 1024px) 100vw, 1024px\" \/><figcaption class=\"wp-element-caption\"><strong>Apr\u00e8s<\/strong><\/figcaption><\/figure>\n\n\n\n<div class=\"wp-block-group is-layout-flex wp-block-group-is-layout-flex\">\n<p style=\"line-height:1.5\">Et voici un <strong>Home Staging express <\/strong>pour donner de la vie \u00e0 ce bel appartement albigeois en bord de Tarn, inhabit\u00e9 depuis quelques mois<br><br><strong>La solution ?<\/strong><br>\u2022 Am\u00e9nager l&rsquo;espace en d\u00e9pla\u00e7ant le canap\u00e9 pour profiter de la vue sur la terrasse<\/p>\n\n\n\n<p style=\"line-height:1\">\u2022 R\u00e9investir le salon avec de la d\u00e9co, pour apporter du style et des touches de couleur<\/p>\n\n\n\n<p style=\"line-height:0.6\"><br>\u2022 Dresser une table accueillante pour une mise en situation authentique<\/p>\n<\/div>\n\n\n\n<p><\/p>\n\n\n\n<div class=\"wp-block-group is-layout-flow wp-block-group-is-layout-flow\">\n<figure class=\"wp-block-gallery has-nested-images columns-default is-cropped wp-block-gallery-1 is-layout-flex wp-block-gallery-is-layout-flex\">\n<figure class=\"wp-block-image size-large\"><img loading=\"lazy\" decoding=\"async\" width=\"1024\" height=\"768\" data-id=\"28\" src=\"https:\/\/nature-i-deco.fr\/wp-content\/uploads\/2024\/11\/IMG-20241009-WA0002-1024x768.jpg\" alt=\"\" class=\"wp-image-28\" srcset=\"https:\/\/nature-i-deco.fr\/wp-content\/uploads\/2024\/11\/IMG-20241009-WA0002-1024x768.jpg 1024w, https:\/\/nature-i-deco.fr\/wp-content\/uploads\/2024\/11\/IMG-20241009-WA0002-300x225.jpg 300w, https:\/\/nature-i-deco.fr\/wp-content\/uploads\/2024\/11\/IMG-20241009-WA0002-768x576.jpg 768w, https:\/\/nature-i-deco.fr\/wp-content\/uploads\/2024\/11\/IMG-20241009-WA0002-1536x1152.jpg 1536w, https:\/\/nature-i-deco.fr\/wp-content\/uploads\/2024\/11\/IMG-20241009-WA0002-1170x878.jpg 1170w, https:\/\/nature-i-deco.fr\/wp-content\/uploads\/2024\/11\/IMG-20241009-WA0002.jpg 1600w\" sizes=\"auto, (max-width: 1024px) 100vw, 1024px\" \/><figcaption class=\"wp-element-caption\">Avant<\/figcaption><\/figure>\n\n\n\n<figure class=\"wp-block-image size-large\"><img loading=\"lazy\" decoding=\"async\" width=\"1024\" height=\"660\" data-id=\"161\" src=\"https:\/\/nature-i-deco.fr\/wp-content\/uploads\/2024\/11\/IMG_20240813_161300-cadree-1-1024x660.jpg\" alt=\"\" class=\"wp-image-161\" srcset=\"https:\/\/nature-i-deco.fr\/wp-content\/uploads\/2024\/11\/IMG_20240813_161300-cadree-1-1024x660.jpg 1024w, https:\/\/nature-i-deco.fr\/wp-content\/uploads\/2024\/11\/IMG_20240813_161300-cadree-1-300x193.jpg 300w, https:\/\/nature-i-deco.fr\/wp-content\/uploads\/2024\/11\/IMG_20240813_161300-cadree-1-768x495.jpg 768w, https:\/\/nature-i-deco.fr\/wp-content\/uploads\/2024\/11\/IMG_20240813_161300-cadree-1-1536x990.jpg 1536w, https:\/\/nature-i-deco.fr\/wp-content\/uploads\/2024\/11\/IMG_20240813_161300-cadree-1-2048x1320.jpg 2048w, https:\/\/nature-i-deco.fr\/wp-content\/uploads\/2024\/11\/IMG_20240813_161300-cadree-1-1170x754.jpg 1170w\" sizes=\"auto, (max-width: 1024px) 100vw, 1024px\" \/><\/figure>\n<\/figure>\n<\/div>\n\n\n\n<figure class=\"wp-block-gallery has-nested-images columns-default is-cropped wp-block-gallery-2 is-layout-flex wp-block-gallery-is-layout-flex\">\n<figure class=\"wp-block-image size-large\"><img loading=\"lazy\" decoding=\"async\" width=\"1024\" height=\"568\" data-id=\"158\" src=\"https:\/\/nature-i-deco.fr\/wp-content\/uploads\/2024\/11\/IMG-20241009-WA0006-cadree-1024x568.jpg\" alt=\"\" class=\"wp-image-158\" srcset=\"https:\/\/nature-i-deco.fr\/wp-content\/uploads\/2024\/11\/IMG-20241009-WA0006-cadree-1024x568.jpg 1024w, https:\/\/nature-i-deco.fr\/wp-content\/uploads\/2024\/11\/IMG-20241009-WA0006-cadree-300x167.jpg 300w, https:\/\/nature-i-deco.fr\/wp-content\/uploads\/2024\/11\/IMG-20241009-WA0006-cadree-768x426.jpg 768w, https:\/\/nature-i-deco.fr\/wp-content\/uploads\/2024\/11\/IMG-20241009-WA0006-cadree-1536x852.jpg 1536w, https:\/\/nature-i-deco.fr\/wp-content\/uploads\/2024\/11\/IMG-20241009-WA0006-cadree-1170x649.jpg 1170w, https:\/\/nature-i-deco.fr\/wp-content\/uploads\/2024\/11\/IMG-20241009-WA0006-cadree.jpg 1600w\" sizes=\"auto, (max-width: 1024px) 100vw, 1024px\" \/><figcaption class=\"wp-element-caption\">Avant<\/figcaption><\/figure>\n\n\n\n<figure class=\"wp-block-image size-large\"><img loading=\"lazy\" decoding=\"async\" width=\"1024\" height=\"728\" data-id=\"159\" src=\"https:\/\/nature-i-deco.fr\/wp-content\/uploads\/2024\/11\/received_531996309577618-1024x728.png\" alt=\"\" class=\"wp-image-159\" srcset=\"https:\/\/nature-i-deco.fr\/wp-content\/uploads\/2024\/11\/received_531996309577618-1024x728.png 1024w, https:\/\/nature-i-deco.fr\/wp-content\/uploads\/2024\/11\/received_531996309577618-300x213.png 300w, https:\/\/nature-i-deco.fr\/wp-content\/uploads\/2024\/11\/received_531996309577618-768x546.png 768w, https:\/\/nature-i-deco.fr\/wp-content\/uploads\/2024\/11\/received_531996309577618.png 1091w\" sizes=\"auto, (max-width: 1024px) 100vw, 1024px\" \/><\/figure>\n<\/figure>\n\n\n\n<p class=\"has-foreground-color has-text-color has-link-color wp-elements-bc601db264caeb55fdc1fa55e051ba0b\">Exemple de transformation dans le Lot<\/p>\n\n\n\n<p>On apporte une touche claire avec le tapis beige pour ajouter du confort et de la luminosit\u00e9.<\/p>\n\n\n\n<p>On place un seul meuble ancien bien accord\u00e9 au charme de cette maison en pierre. On l\u2019associe avec un canap\u00e9 aux lignes actuelles.<\/p>\n\n\n\n<figure class=\"wp-block-gallery has-nested-images columns-default is-cropped wp-block-gallery-3 is-layout-flex wp-block-gallery-is-layout-flex\">\n<figure class=\"wp-block-image size-full\"><img loading=\"lazy\" decoding=\"async\" width=\"1024\" height=\"768\" data-id=\"207\" src=\"https:\/\/nature-i-deco.fr\/wp-content\/uploads\/2025\/01\/1-006.jpg\" alt=\"\" class=\"wp-image-207\" srcset=\"https:\/\/nature-i-deco.fr\/wp-content\/uploads\/2025\/01\/1-006.jpg 1024w, https:\/\/nature-i-deco.fr\/wp-content\/uploads\/2025\/01\/1-006-300x225.jpg 300w, https:\/\/nature-i-deco.fr\/wp-content\/uploads\/2025\/01\/1-006-768x576.jpg 768w\" sizes=\"auto, (max-width: 1024px) 100vw, 1024px\" \/><figcaption class=\"wp-element-caption\">Avant<\/figcaption><\/figure>\n\n\n\n<figure class=\"wp-block-image size-large\"><img loading=\"lazy\" decoding=\"async\" width=\"1024\" height=\"768\" data-id=\"206\" src=\"https:\/\/nature-i-deco.fr\/wp-content\/uploads\/2025\/01\/IMG_20240508_160828-1-1024x768.jpg\" alt=\"\" class=\"wp-image-206\" srcset=\"https:\/\/nature-i-deco.fr\/wp-content\/uploads\/2025\/01\/IMG_20240508_160828-1-1024x768.jpg 1024w, https:\/\/nature-i-deco.fr\/wp-content\/uploads\/2025\/01\/IMG_20240508_160828-1-300x225.jpg 300w, https:\/\/nature-i-deco.fr\/wp-content\/uploads\/2025\/01\/IMG_20240508_160828-1-768x576.jpg 768w, https:\/\/nature-i-deco.fr\/wp-content\/uploads\/2025\/01\/IMG_20240508_160828-1-1536x1152.jpg 1536w, https:\/\/nature-i-deco.fr\/wp-content\/uploads\/2025\/01\/IMG_20240508_160828-1-2048x1536.jpg 2048w, https:\/\/nature-i-deco.fr\/wp-content\/uploads\/2025\/01\/IMG_20240508_160828-1-1170x878.jpg 1170w\" sizes=\"auto, (max-width: 1024px) 100vw, 1024px\" \/><\/figure>\n<\/figure>\n\n\n\n<p><\/p>\n","protected":false},"excerpt":{"rendered":"<p>Le home staging est un ensemble de techniques pour faciliter la vente (ou la location) d\u2019un bien immobilier avec un minimum d\u2019investissement. L\u2019objectif est de valoriser l\u2019agencement de votre int\u00e9rieur [&hellip;]<\/p>\n","protected":false},"author":1,"featured_media":0,"parent":0,"menu_order":0,"comment_status":"closed","ping_status":"closed","template":"","meta":{"footnotes":""},"class_list":["post-23","page","type-page","status-publish","hentry"],"_links":{"self":[{"href":"https:\/\/nature-i-deco.fr\/index.php\/wp-json\/wp\/v2\/pages\/23","targetHints":{"allow":["GET"]}}],"collection":[{"href":"https:\/\/nature-i-deco.fr\/index.php\/wp-json\/wp\/v2\/pages"}],"about":[{"href":"https:\/\/nature-i-deco.fr\/index.php\/wp-json\/wp\/v2\/types\/page"}],"author":[{"embeddable":true,"href":"https:\/\/nature-i-deco.fr\/index.php\/wp-json\/wp\/v2\/users\/1"}],"replies":[{"embeddable":true,"href":"https:\/\/nature-i-deco.fr\/index.php\/wp-json\/wp\/v2\/comments?post=23"}],"version-history":[{"count":25,"href":"https:\/\/nature-i-deco.fr\/index.php\/wp-json\/wp\/v2\/pages\/23\/revisions"}],"predecessor-version":[{"id":231,"href":"https:\/\/nature-i-deco.fr\/index.php\/wp-json\/wp\/v2\/pages\/23\/revisions\/231"}],"wp:attachment":[{"href":"https:\/\/nature-i-deco.fr\/index.php\/wp-json\/wp\/v2\/media?parent=23"}],"curies":[{"name":"wp","href":"https:\/\/api.w.org\/{rel}","templated":true}]}}