{"id":96,"date":"2024-11-15T17:50:47","date_gmt":"2024-11-15T16:50:47","guid":{"rendered":"https:\/\/nature-i-deco.fr\/?page_id=96"},"modified":"2025-01-17T11:48:57","modified_gmt":"2025-01-17T10:48:57","slug":"mon-parcours","status":"publish","type":"page","link":"https:\/\/nature-i-deco.fr\/index.php\/mon-parcours\/","title":{"rendered":"Mon Parcours"},"content":{"rendered":"\n<figure class=\"wp-block-gallery has-nested-images columns-default is-cropped wp-block-gallery-1 is-layout-flex wp-block-gallery-is-layout-flex\">\n<figure class=\"wp-block-image size-large is-resized\"><img loading=\"lazy\" decoding=\"async\" width=\"1024\" height=\"1020\" data-id=\"144\" src=\"https:\/\/nature-i-deco.fr\/wp-content\/uploads\/2024\/11\/PH-format-Carre-1-1024x1020.jpg\" alt=\"\" class=\"wp-image-144\" style=\"width:165px;height:auto\" srcset=\"https:\/\/nature-i-deco.fr\/wp-content\/uploads\/2024\/11\/PH-format-Carre-1-1024x1020.jpg 1024w, https:\/\/nature-i-deco.fr\/wp-content\/uploads\/2024\/11\/PH-format-Carre-1-300x300.jpg 300w, https:\/\/nature-i-deco.fr\/wp-content\/uploads\/2024\/11\/PH-format-Carre-1-150x150.jpg 150w, https:\/\/nature-i-deco.fr\/wp-content\/uploads\/2024\/11\/PH-format-Carre-1-768x765.jpg 768w, https:\/\/nature-i-deco.fr\/wp-content\/uploads\/2024\/11\/PH-format-Carre-1-1170x1165.jpg 1170w, https:\/\/nature-i-deco.fr\/wp-content\/uploads\/2024\/11\/PH-format-Carre-1.jpg 1450w\" sizes=\"auto, (max-width: 1024px) 100vw, 1024px\" \/><\/figure>\n<\/figure>\n\n\n\n<figure class=\"wp-block-image alignright size-large is-resized\"><img loading=\"lazy\" decoding=\"async\" width=\"768\" height=\"1024\" src=\"https:\/\/nature-i-deco.fr\/wp-content\/uploads\/2024\/11\/IMG-20230629-WA0003.jpg\" alt=\"\" class=\"wp-image-143\" style=\"width:245px;height:auto\" srcset=\"https:\/\/nature-i-deco.fr\/wp-content\/uploads\/2024\/11\/IMG-20230629-WA0003.jpg 768w, https:\/\/nature-i-deco.fr\/wp-content\/uploads\/2024\/11\/IMG-20230629-WA0003-225x300.jpg 225w\" sizes=\"auto, (max-width: 768px) 100vw, 768px\" \/><\/figure>\n\n\n\n<div class=\"wp-block-group is-nowrap is-layout-flex wp-container-core-group-is-layout-6c531013 wp-block-group-is-layout-flex\">\n<blockquote class=\"wp-block-quote has-text-align-left has-system-font-font-family has-base-font-size is-layout-flow wp-block-quote-is-layout-flow\" style=\"font-style:normal;font-weight:400;line-height:1\">\n<p><\/p>\n\n\n\n<p class=\"has-system-font-font-family has-base-font-size\" style=\"font-style:normal;font-weight:400;line-height:1\">Cette id\u00e9e de devenir Coach<strong> D\u00e9co responsable <\/strong>a \u00e9t\u00e9 un cheminement sur 3 ans.<\/p>\n\n\n\n<p class=\"has-system-font-font-family has-base-font-size\" style=\"font-style:normal;font-weight:400;line-height:1\">Je suis passionn\u00e9e :<\/p>\n\n\n\n<p class=\"has-system-font-font-family has-base-font-size\" style=\"font-style:normal;font-weight:400;line-height:1\">\u00b7 D\u2019<strong>am\u00e9nagement int\u00e9rieur <\/strong>depuis petite, \u00e9tant fille d\u2019architecte,<\/p>\n\n\n\n<p class=\"has-system-font-font-family has-base-font-size\" style=\"font-style:normal;font-weight:400;line-height:1\">\u00b7 Par <strong>la D\u00e9coration<\/strong>.<\/p>\n\n\n\n<p class=\"has-system-font-font-family has-base-font-size\" style=\"font-style:normal;font-weight:400;line-height:1\">\u00b7 Par la <strong>nature<\/strong> et le <strong>recyclage<\/strong>, car je n\u2019aime pas jeter ce qui est qualitatif.<\/p>\n\n\n\n<p class=\"has-system-font-font-family has-base-font-size\" style=\"font-style:normal;font-weight:400;line-height:1\">Les valeurs \u00e9cologiques ont pris pour moi au cours des derni\u00e8res ann\u00e9es une importance majeure. On peut souvent privil\u00e9gier la seconde main, ou alors acheter de mani\u00e8re responsable dans les ressourceries.<\/p>\n\n\n\n<p class=\"has-system-font-font-family has-base-font-size\" style=\"font-style:normal;font-weight:400;line-height:1\">Entre 2020 et 2022 j\u2019ai d\u00fb vider 3 maisons et cela m\u2019a donn\u00e9 le gout du r\u00e9-emploi.<\/p>\n\n\n\n<p class=\"has-system-font-font-family has-base-font-size\" style=\"font-style:normal;font-weight:400;line-height:1\">En 2022, j\u2019ai souhait\u00e9 quitter le salariat pour \u00eatre en accord avec mes valeurs et me lancer dans une activit\u00e9 qui m\u2019habitait depuis longtemps.<\/p>\n\n\n\n<p class=\"has-system-font-font-family has-base-font-size\" style=\"line-height:1\">Je me suis donc form\u00e9e&nbsp;:<\/p>\n\n\n\n<ul style=\"font-style:normal;font-weight:400;line-height:1\" class=\"wp-block-list has-system-font-font-family\">\n<li>Formation au Home Staging \u00e0 Toulouse en 2022,<\/li>\n\n\n\n<li>Formation \u00e0 plusieurs <strong>niveaux de peinture sur mobilier<\/strong> \u00e0 \u00c9cole Europ\u00e9enne de l\u2019Art et des Mati\u00e8res d\u2019Albi en 2023.<\/li>\n<\/ul>\n\n\n\n<p class=\"has-base-font-size\" style=\"line-height:1\">Et avant&nbsp;?&nbsp;&nbsp;&nbsp;&nbsp;&nbsp;<\/p>\n\n\n\n<p class=\"has-base-font-size\" style=\"line-height:1\">De 1992 \u00e0 2007 (chez Eurovet, un organisateur de salons Pro dans le secteur de la mode), j\u2019\u00e9tais charg\u00e9e des ventes &amp; des conseils techniques aupr\u00e8s des exposants pour leurs stands.<\/p>\n<\/blockquote>\n\n\n\n<figure class=\"wp-block-gallery has-nested-images columns-default is-cropped wp-block-gallery-2 is-layout-flex wp-block-gallery-is-layout-flex\">\n<figure class=\"wp-block-image size-large\"><img loading=\"lazy\" decoding=\"async\" width=\"500\" height=\"500\" data-id=\"196\" src=\"https:\/\/nature-i-deco.fr\/wp-content\/uploads\/2025\/01\/LOGO-N.I.D.png\" alt=\"\" class=\"wp-image-196\" srcset=\"https:\/\/nature-i-deco.fr\/wp-content\/uploads\/2025\/01\/LOGO-N.I.D.png 500w, https:\/\/nature-i-deco.fr\/wp-content\/uploads\/2025\/01\/LOGO-N.I.D-300x300.png 300w, https:\/\/nature-i-deco.fr\/wp-content\/uploads\/2025\/01\/LOGO-N.I.D-150x150.png 150w\" sizes=\"auto, (max-width: 500px) 100vw, 500px\" \/><\/figure>\n<\/figure>\n<\/div>\n","protected":false},"excerpt":{"rendered":"<p>Cette id\u00e9e de devenir Coach D\u00e9co responsable a \u00e9t\u00e9 un cheminement sur 3 ans. Je suis passionn\u00e9e : \u00b7 D\u2019am\u00e9nagement int\u00e9rieur depuis petite, \u00e9tant fille d\u2019architecte, \u00b7 Par la D\u00e9coration. [&hellip;]<\/p>\n","protected":false},"author":1,"featured_media":0,"parent":0,"menu_order":0,"comment_status":"closed","ping_status":"closed","template":"","meta":{"footnotes":""},"class_list":["post-96","page","type-page","status-publish","hentry"],"_links":{"self":[{"href":"https:\/\/nature-i-deco.fr\/index.php\/wp-json\/wp\/v2\/pages\/96","targetHints":{"allow":["GET"]}}],"collection":[{"href":"https:\/\/nature-i-deco.fr\/index.php\/wp-json\/wp\/v2\/pages"}],"about":[{"href":"https:\/\/nature-i-deco.fr\/index.php\/wp-json\/wp\/v2\/types\/page"}],"author":[{"embeddable":true,"href":"https:\/\/nature-i-deco.fr\/index.php\/wp-json\/wp\/v2\/users\/1"}],"replies":[{"embeddable":true,"href":"https:\/\/nature-i-deco.fr\/index.php\/wp-json\/wp\/v2\/comments?post=96"}],"version-history":[{"count":8,"href":"https:\/\/nature-i-deco.fr\/index.php\/wp-json\/wp\/v2\/pages\/96\/revisions"}],"predecessor-version":[{"id":197,"href":"https:\/\/nature-i-deco.fr\/index.php\/wp-json\/wp\/v2\/pages\/96\/revisions\/197"}],"wp:attachment":[{"href":"https:\/\/nature-i-deco.fr\/index.php\/wp-json\/wp\/v2\/media?parent=96"}],"curies":[{"name":"wp","href":"https:\/\/api.w.org\/{rel}","templated":true}]}}